{"id":42291,"date":"2025-04-23T08:00:53","date_gmt":"2025-04-23T08:00:53","guid":{"rendered":"https:\/\/insaatalp.com\/?page_id=42291"},"modified":"2025-07-29T10:54:53","modified_gmt":"2025-07-29T10:54:53","slug":"kvkk","status":"publish","type":"page","link":"https:\/\/insaatalp.com\/zh\/kvkk\/","title":{"rendered":"KVKK"},"content":{"rendered":"<div data-elementor-type=\"wp-page\" data-elementor-id=\"42291\" class=\"elementor elementor-42291\" data-elementor-post-type=\"page\">\n\t\t\t\t<div class=\"elementor-element elementor-element-6b144a8 e-flex e-con-boxed wpr-particle-no wpr-jarallax-no wpr-parallax-no wpr-sticky-section-no e-con e-parent\" data-id=\"6b144a8\" data-element_type=\"container\" data-e-type=\"container\">\n\t\t\t\t\t<div class=\"e-con-inner\">\n\t\t<div class=\"elementor-element elementor-element-2244131 e-con-full e-flex wpr-particle-no wpr-jarallax-no wpr-parallax-no wpr-sticky-section-no e-con e-child\" data-id=\"2244131\" data-element_type=\"container\" data-e-type=\"container\">\n\t\t\t\t<div class=\"elementor-element elementor-element-a007c6b elementor-widget elementor-widget-text-editor\" data-id=\"a007c6b\" data-element_type=\"widget\" data-e-type=\"widget\" data-widget_type=\"text-editor.default\">\n\t\t\t\t<div class=\"elementor-widget-container\">\n\t\t\t\t\t\t\t\t\t<h3 data-pm-slice=\"1 1 []\"><strong>KVKK \u5408\u89c4\u6307\u5357<\/strong><\/h3><div><hr \/><\/div><h3>1. KVKK \u7f51\u7ad9\u5408\u89c4\u6307\u5357<\/h3><p>\u4eb2\u7231\u7684 ALP PLANLAMA PEYZAJ VE \u0130N\u015eAAT SAN. VE T\u0130C. LTD. \u015eT\u0130. \u7f51\u7ad9\u8d1f\u8d23\u4eba\uff1b;<\/p><p>\u672c\u8bfe\u6587\u6839\u636e Alp Planning \u7684\u8bfe\u6587\u6539\u7f16 <a>www.insaatalp.com<\/a> \u7f16\u5199\u672c\u7f51\u7ad9\u7684\u76ee\u7684\u662f\u4e3a\u4e86\u4f7f\u5176\u7b26\u5408\u7b2c 6698 \u53f7\u4e2a\u4eba\u6570\u636e\u4fdd\u62a4\u6cd5 (KVKK)\u3002.<\/p><p><strong>\u5b9e\u65bd\u6b65\u9aa4\uff1a<\/strong><\/p><ul data-spread=\"false\"><li><p>\u201c\u5728 \u201d\u4f01\u4e1a \u201c\u83dc\u5355\u6216\u9876\u90e8\u83dc\u5355\u680f\u4e2d\u6dfb\u52a0\u540d\u4e3a \u201d\u4e2a\u4eba\u6570\u636e\u4fdd\u62a4 \"\u7684\u65b0\u5b57\u6bb5\u3002.<\/p><\/li><li><p>\u5728\u8be5\u5b57\u6bb5\u4e2d\uff0c\u5c06\u4ee5\u4e0b\u6587\u672c\u5206\u522b\u7f6e\u4e8e\u4e0d\u540c\u7684\u9009\u9879\u5361\u4e2d\uff1a<\/p><ul data-spread=\"false\"><li><p>\u4e2a\u4eba\u6570\u636e\u5b58\u50a8\u548c\u9500\u6bc1\u653f\u7b56<\/p><\/li><li><p>\u7533\u8bf7\u539f\u5219\u548c\u5411\u6570\u636e\u63a7\u5236\u8005\u63d0\u4ea4\u7684\u7533\u8bf7\u8868<\/p><\/li><li><p>\u9690\u79c1\u548c Cookie \u653f\u7b56<\/p><\/li><li><p>\u4eba\u4e8b\u5019\u9009\u4eba\u6f84\u6e05\u6587\u672c<\/p><\/li><li><p>\u5ba2\u6237\/\u4f9b\u5e94\u5546\u8bf4\u660e\u6587\u672c<\/p><\/li><li><p>\u8bbf\u5ba2\u548c\u5ea7\u673a\u6765\u7535\u8bf4\u660e\u6587\u672c<\/p><\/li><li><p>\u6444\u50cf\u673a\u8bb0\u5f55\u8bf4\u660e\u6587\u672c<\/p><\/li><\/ul><\/li><\/ul><p><strong>Cookie \u4fe1\u606f\u6761\uff1a<\/strong><\/p><ul data-spread=\"false\"><li><p>\u5728\u7f51\u7ad9\u4e0a\u6dfb\u52a0\u4ee5\u4e0b\u6587\u672c\u4f5c\u4e3a\u5b50\u6761\uff1a\u201c\u4f7f\u7528 Cookie \u662f\u4e3a\u4e86\u8ba9\u60a8\u80fd\u66f4\u597d\u5730\u4f7f\u7528\u6211\u4eec\u7684\u7f51\u7ad9\u3002\u767b\u5f55\u672c\u7f51\u7ad9\u5373\u8868\u793a\u60a8\u540c\u610f\u4f7f\u7528 Cookie\u3002\u8be6\u7ec6\u4fe1\u606f <a>\u9690\u79c1\u548c Cookie \u653f\u7b56<\/a> \u201d\u3002\u201d<\/p><\/li><li><p>\u201c\u70b9\u51fb \u201d\u6211\u5df2\u6536\u5230\u4fe1\u606f \"\u6309\u94ae\u540e\uff0c\u8be5\u6761\u624d\u4f1a\u4ece\u5c4f\u5e55\u4e0a\u6d88\u5931\u3002.<\/p><\/li><li><p>\u8272\u5e26\u5fc5\u987b\u663e\u793a\u5728\u6240\u6709\u9875\u9762\u4e0a\u3002.<\/p><\/li><\/ul><p><strong>\u8054\u7cfb\u8868\u5355\u7f16\u8f91\uff1a<\/strong><\/p><ul data-spread=\"false\"><li><p>\u63d0\u4ea4\u6309\u94ae\u4e0a\u65b9\u5e94\u6dfb\u52a0\u4ee5\u4e0b\u65b9\u6846\uff1a\u201c\u6211\u5df2\u9605\u8bfb\u6f84\u6e05\u6587\u672c\uff0c\u6211\u5df2\u77e5\u6653\u201d\u3002\u201d<\/p><\/li><li><p>\u5982\u679c\u6ca1\u6709\u52fe\u9009\u6b64\u6846\uff0c\u5219\u4e0d\u5e94\u53d1\u9001\u8868\u683c\u3002.<\/p><\/li><li><p>\u201c\u6f84\u6e05\u6587\u672c \u201d\u94fe\u63a5\u5e94\u5728\u4fa7\u8fb9\u6807\u7b7e\u9875\u6253\u5f00\u76f8\u5173\u6587\u672c\u3002.<\/p><\/li><\/ul><div><hr \/><\/div><h3>2. \u4e2a\u4eba\u8d44\u6599\u7684\u50a8\u5b58\u548c\u9500\u6bc1\u653f\u7b56<\/h3><p><strong>\u76ee\u6807\uff1a<\/strong> \u786e\u5b9a\u4e2a\u4eba\u6570\u636e\u7684\u5b89\u5168\u5904\u7406\u3001\u5b58\u50a8\u548c\u9500\u6bc1\u7a0b\u5e8f\u3002.<\/p><p><strong>\u8303\u56f4<\/strong> \u6240\u6709\u4e2a\u4eba\u6570\u636e\u5904\u7406\u6d3b\u52a8\u3002.<\/p><p><strong>\u804c\u8d23<\/strong><\/p><ul data-spread=\"false\"><li><p>KVKK \u5408\u89c4\u4ee3\u8868\uff1a\u786e\u4fdd\u653f\u7b56\u7684\u6267\u884c\u3002.<\/p><\/li><li><p>\u5355\u4f4d\u4e3b\u7ba1\uff1a\u786e\u4fdd\u672c\u5355\u4f4d\u5e94\u7528\u7a0b\u5e8f\u7684\u8fde\u7eed\u6027\u3002.<\/p><\/li><li><p>\u603b\u7ecf\u7406\u76d1\u7763\u6240\u6709\u6d41\u7a0b\u7684\u6267\u884c\u3002.<\/p><\/li><\/ul><p><strong>\u539f\u5219<\/strong><\/p><ul data-spread=\"false\"><li><p>\u4f9d\u6cd5\u8bda\u4fe1\u5904\u7406\u3002.<\/p><\/li><li><p>\u4fdd\u6301\u6570\u636e\u7684\u51c6\u786e\u6027\u548c\u65f6\u6548\u6027\u3002.<\/p><\/li><li><p>\u4e3a\u7279\u5b9a\u3001\u660e\u786e\u548c\u5408\u6cd5\u7684\u76ee\u7684\u8fdb\u884c\u5904\u7406\u3002.<\/p><\/li><li><p>\u4e0e\u5904\u7406\u76ee\u7684\u76f8\u5173\u3001\u6709\u9650\u4e14\u76f8\u79f0\u7684\u5904\u7406\u3002.<\/p><\/li><li><p>\u4fdd\u7559\u671f\u9650\u4e0e\u76f8\u5173\u6cd5\u5f8b\u548c\u76ee\u7684\u76f8\u7b26\u3002.<\/p><\/li><\/ul><p><strong>\u6570\u636e\u5904\u7406\u672f\u8bed\uff1a<\/strong><\/p><ul data-spread=\"false\"><li><p>\u5f53\u4e8b\u4eba\u7684\u660e\u786e\u540c\u610f\u3002.<\/p><\/li><li><p>\u6cd5\u5f8b\u660e\u6587\u89c4\u5b9a\u3002.<\/p><\/li><li><p>\u5408\u540c\u7684\u8ba2\u7acb\u6216\u5c65\u884c\u3002.<\/p><\/li><li><p>\u5c65\u884c\u6cd5\u5f8b\u4e49\u52a1\u3002.<\/p><\/li><li><p>\u4fdd\u62a4\u5408\u6cd5\u5229\u76ca\u3002.<\/p><\/li><\/ul><p><strong>\u6570\u636e\u4fdd\u7559\u671f\u9650\uff1a<\/strong><\/p><ul data-spread=\"false\"><li><p>\u4f1a\u8ba1\u8bb0\u5f55\uff1a10 \u5e74<\/p><\/li><li><p>\u5ba2\u6237\u8d44\u6599\uff1a\u6cd5\u5f8b\u5173\u7cfb\u7ec8\u6b62\u540e 10 \u5e74<\/p><\/li><li><p>\u76f8\u673a\u8bb0\u5f55\uff1a2 \u4e2a\u6708<\/p><\/li><\/ul><p><strong>\u9500\u6bc1\u671f\u9650\uff1a<\/strong><\/p><ul data-spread=\"false\"><li><p>\u4fdd\u5b58\u671f\u9650\u5df2\u8fc7\u7684\u6570\u636e\u5c06\u5728\u7b2c\u4e00\u4e2a\u5b9a\u671f\u9500\u6bc1\u671f\uff08\u6bcf 6 \u4e2a\u6708\uff09\u5185\u9500\u6bc1\u3002.<\/p><\/li><\/ul><p><strong>\u5904\u7406\u65b9\u6cd5\uff1a<\/strong><\/p><ul data-spread=\"false\"><li><p>\u7535\u5b50\u6570\u636e\u5c06\u88ab\u5220\u9664\u6216\u533f\u540d\u5316\u3002.<\/p><\/li><li><p>\u901a\u8fc7\u88c1\u526a\u6216\u711a\u70e7\u9500\u6bc1\u7269\u7406\u6570\u636e\u3002.<\/p><\/li><\/ul><p><strong>\u66f4\u65b0\u548c\u51fa\u7248\uff1a<\/strong><\/p><ul data-spread=\"false\"><li><p>\u8be5\u653f\u7b56\u6bcf\u5e74\u81f3\u5c11\u5ba1\u67e5\u4e00\u6b21\uff0c\u5fc5\u8981\u65f6\u8fdb\u884c\u66f4\u65b0\u3002.<\/p><\/li><\/ul><div><hr \/><\/div><h3>3. \u5411\u8d44\u6599\u63a7\u5236\u8005\u63d0\u51fa\u7533\u8bf7\u7684\u539f\u5219\u548c\u7533\u8bf7\u8868<\/h3><p><strong>\u5e94\u7528\u65b9\u6cd5\uff1a<\/strong><\/p><ul data-spread=\"false\"><li><p>\u4eb2\u7b14\u7b7e\u540d\u6216\u516c\u8bc1\uff1aMelik\u015fah Mah.Z\u00fchre Sk.\u7f16\u53f7\uff1a12\/1 Meram\/Konya<\/p><\/li><li><p>\u901a\u8fc7\u7535\u5b50\u90ae\u4ef6 <a>alpmerkez@hotmail.com<\/a><\/p><\/li><\/ul><p><strong>\u5e94\u7528\u5185\u5bb9\uff1a<\/strong><\/p><ul data-spread=\"false\"><li><p>\u60a8\u7684\u4e2a\u4eba\u6570\u636e.<\/p><\/li><li><p>\u60a8\u7684\u76f8\u5173\u8bf7\u6c42.<\/p><\/li><\/ul><div><hr \/><\/div><h3>4 \u6f84\u6e05\u6587\u672c<\/h3><p><strong>\u6444\u50cf\u673a\u8bb0\u5f55\u8bf4\u660e\u6587\u672c\uff1a<\/strong><\/p><ul data-spread=\"false\"><li><p>\u76ee\u6807\uff1a\u63d0\u4f9b\u4eba\u8eab\u5b89\u5168\u4fdd\u969c\u3002.<\/p><\/li><li><p>\u6cd5\u5f8b\u7406\u7531\uff1a\u5408\u6cd5\u6743\u76ca\u3002.<\/p><\/li><li><p>\u8f6c\u8ba9\u4ec5\u9650\u6388\u6743\u673a\u6784\u3002.<\/p><\/li><\/ul><p><strong>\u6e38\u5ba2\/\u56fa\u5b9a\u680f\u76ee\u6f84\u6e05\u6587\u672c\uff1a<\/strong><\/p><ul data-spread=\"false\"><li><p>\u76ee\u6807\uff1a\u901a\u4fe1\u3001\u5b89\u5168\u3002.<\/p><\/li><li><p>\u6cd5\u5f8b\u7406\u7531\uff1a\u5408\u6cd5\u6743\u76ca\u3002.<\/p><\/li><\/ul><p><strong>\u5ba2\u6237\/\u4f9b\u5e94\u5546\u6f84\u6e05\u6587\u672c\uff1a<\/strong><\/p><ul data-spread=\"false\"><li><p>\u76ee\u6807\uff1a\u5408\u540c\u6d41\u7a0b\u3001\u8d22\u52a1\u4ea4\u6613\u3002.<\/p><\/li><li><p>\u6cd5\u5f8b\u4f9d\u636e\uff1a\u5408\u540c\u3001\u5408\u6cd5\u5229\u76ca\u3002.<\/p><\/li><\/ul><p><strong>\u4eba\u4e8b\u5019\u9009\u4eba\u6f84\u6e05\u6587\u672c\uff1a<\/strong><\/p><ul data-spread=\"false\"><li><p>\u76ee\u6807\uff1a\u6267\u884c\u7533\u8bf7\u7a0b\u5e8f\u3002.<\/p><\/li><li><p>\u6cd5\u5f8b\u4f9d\u636e\uff1a\u660e\u793a\u540c\u610f\u3001\u5408\u540c\u3002.<\/p><\/li><\/ul><div><hr \/><\/div><h3>5. \u9690\u79c1\u548c Cookie \u653f\u7b56<\/h3><p><strong>\u76ee\u6807\uff1a<\/strong> \u5173\u4e8e\u4f7f\u7528 cookie \u6539\u5584\u8bbf\u5ba2\u4f53\u9a8c\u7684\u4fe1\u606f\u3002.<\/p><p><strong>Cookie \u7c7b\u578b\uff1a<\/strong><\/p><ul data-spread=\"false\"><li><p>\u5f3a\u5236 Cookie<\/p><\/li><li><p>\u529f\u80fd\u6027\u548c\u5206\u6790\u6027 Cookie<\/p><\/li><li><p>\u6027\u80fd Cookie<\/p><\/li><\/ul><p><strong>Cookie \u7ba1\u7406\uff1a<\/strong> \u60a8\u53ef\u4ee5\u901a\u8fc7\u6d4f\u89c8\u5668\u8bbe\u7f6e\u6216\u4e0b\u9762\u7684\u94fe\u63a5\u7f16\u8f91 cookie \u9996\u9009\u9879\uff1a<\/p><ul data-spread=\"false\"><li><p><a href=\"http:\/\/www.google.com\/support\/chrome\/bin\/answer.py?hl=en&amp;answer=95647\" target=\"_blank\" rel=\"noopener\">\u8c37\u6b4c\u6d4f\u89c8\u5668<\/a><\/p><\/li><li><p><a href=\"http:\/\/support.mozilla.com\/en-US\/kb\/Cookies\" target=\"_blank\" rel=\"noopener\">\u706b\u72d0\u6d4f\u89c8\u5668<\/a><\/p><\/li><li><p><a href=\"https:\/\/support.apple.com\/kb\/ph19214?locale=tr_TR\" target=\"_blank\" rel=\"noopener\">\u91ce\u751f\u52a8\u7269\u56ed<\/a><\/p><\/li><\/ul><p><strong>\u53d8\u5316\uff1a<\/strong> \u8be5\u653f\u7b56\u5728\u5fc5\u8981\u65f6\u8fdb\u884c\u66f4\u65b0\u548c\u516c\u5e03\u3002.<\/p>\t\t\t\t\t\t\t\t<\/div>\n\t\t\t\t<\/div>\n\t\t\t\t<\/div>\n\t\t\t\t\t<\/div>\n\t\t\t\t<\/div>\n\t\t\t\t<\/div>","protected":false},"excerpt":{"rendered":"<p>KVKK UYUMLULUK REHBER\u0130 1. \u0130nternet Siteleri KVKK Uyumluluk Rehberi Say\u0131n ALP PLANLAMA PEYZAJ VE \u0130N\u015eAAT SAN. VE T\u0130C. LTD. \u015eT\u0130. internet sitesi yetkilisi; Bu metin, Alp Planlama\u2019ya ait olan www.insaatalp.com internet sitesinin 6698 say\u0131l\u0131 Ki\u015fisel Verilerin Korunmas\u0131 Kanunu\u2019na (KVKK) uygun hale getirilmesi amac\u0131yla haz\u0131rlanm\u0131\u015ft\u0131r. Uygulanmas\u0131 Gereken Ad\u0131mlar: &#8220;Kurumsal&#8221; men\u00fcs\u00fcne veya \u00fcst men\u00fc \u00e7ubu\u011funa &#8220;Ki\u015fisel Verilerin Korunmas\u0131&#8221; ba\u015fl\u0131\u011f\u0131yla yeni bir alan ekleyiniz. Bu alana a\u015fa\u011f\u0131daki metinleri ayr\u0131 sekmeler halinde yerle\u015ftiriniz: Ki\u015fisel Verilerin Saklanmas\u0131 ve \u0130mhas\u0131 Politikas\u0131 Veri Sorumlusuna Ba\u015fvuru Esaslar\u0131 ve Ba\u015fvuru Formu Gizlilik ve \u00c7erez Politikas\u0131 Personel Aday\u0131 Ayd\u0131nlatma Metni M\u00fc\u015fteri\/Tedarik\u00e7i Ayd\u0131nlatma Metni Ziyaret\u00e7i ve Sabit Hat Arayan Ki\u015filer Ayd\u0131nlatma Metni Kamera Kayd\u0131 Ayd\u0131nlatma Metni \u00c7erez Bilgilendirme \u015eeridi: Siteye \u015fu metni alt \u015ferit olarak ekleyiniz: &#8220;Sitemizden en iyi \u015fekilde faydalanabilmeniz i\u00e7in \u00e7erezler kullan\u0131lmaktad\u0131r. Bu siteye giri\u015f yaparak \u00e7erez kullan\u0131m\u0131n\u0131 kabul etmi\u015f say\u0131l\u0131yorsunuz. Detayl\u0131 bilgi i\u00e7in Gizlilik ve \u00c7erez Politikam\u0131za ula\u015fabilirsiniz.&#8221; &#8220;Bilgi Ald\u0131m&#8221; butonuna t\u0131klan\u0131ncaya kadar bu \u015ferit ekrandan kaybolmamal\u0131d\u0131r. \u015eerit t\u00fcm sayfalarda g\u00f6r\u00fcnt\u00fclenmelidir. \u0130leti\u015fim Formu D\u00fczenlemesi: G\u00f6nder butonunun \u00fcst\u00fcne \u015fu kutucuk eklenmelidir: &#8220;Ayd\u0131nlatma Metni\u2019ni okudum, bilgi sahibiyim.&#8221; Bu kutucuk i\u015faretlenmeden form g\u00f6nderilmemelidir. &#8220;Ayd\u0131nlatma Metni&#8221; ba\u011flant\u0131s\u0131 ilgili metni yan sekmede a\u00e7mal\u0131d\u0131r. 2. Ki\u015fisel Verilerin Saklanmas\u0131 ve \u0130mhas\u0131 Politikas\u0131 Ama\u00e7: Ki\u015fisel verilerin g\u00fcvenli \u015fekilde i\u015flenmesi, saklanmas\u0131 ve imha edilmesi s\u00fcre\u00e7lerini belirlemek. Kapsam: T\u00fcm ki\u015fisel veri i\u015fleme faaliyetleri. Sorumluluklar: KVKK Uyumluluk Temsilcisi: Politikalar\u0131n uygulanmas\u0131n\u0131 sa\u011flar. Birim Amirleri: Kendi birimlerinde uygulamalar\u0131n devaml\u0131l\u0131\u011f\u0131n\u0131 sa\u011flar. Genel M\u00fcd\u00fcr: T\u00fcm s\u00fcre\u00e7lerin y\u00fcr\u00fct\u00fclmesini denetler. \u0130lkeler: Hukuka ve d\u00fcr\u00fcstl\u00fck kurallar\u0131na uygun i\u015fleme. Verilerin do\u011fru ve g\u00fcncel tutulmas\u0131. Belirli, a\u00e7\u0131k ve me\u015fru ama\u00e7larla i\u015fleme. \u0130\u015flendi\u011fi ama\u00e7la ba\u011flant\u0131l\u0131, s\u0131n\u0131rl\u0131 ve \u00f6l\u00e7\u00fcl\u00fc i\u015fleme. \u0130lgili mevzuat ve ama\u00e7larla uyumlu s\u00fcrelerle saklama. Veri \u0130\u015fleme \u015eartlar\u0131: \u0130lgili ki\u015finin a\u00e7\u0131k r\u0131zas\u0131. Kanunlarda a\u00e7\u0131k\u00e7a \u00f6ng\u00f6r\u00fclmesi. Bir s\u00f6zle\u015fmenin kurulmas\u0131 veya ifas\u0131. Hukuki y\u00fck\u00fcml\u00fcl\u00fc\u011f\u00fcn yerine getirilmesi. Me\u015fru menfaatin korunmas\u0131. Veri Saklama S\u00fcreleri: Muhasebe Kay\u0131tlar\u0131: 10 y\u0131l M\u00fc\u015fteri Verileri: Hukuki ili\u015fkinin sona ermesinden sonra 10 y\u0131l Kamera Kay\u0131tlar\u0131: 2 ay \u0130mha S\u00fcresi: Saklama s\u00fcresi biten veriler ilk periyodik imha d\u00f6neminde imha edilir (6 ayda bir). \u0130mha Y\u00f6ntemleri: Elektronik veriler silinir veya anonim hale getirilir. Fiziksel veriler k\u0131rpma veya yakma yoluyla yok edilir. G\u00fcncellenme ve Yay\u0131nlanma: Politika y\u0131lda en az bir kez g\u00f6zden ge\u00e7irilir ve gerekirse g\u00fcncellenir. 3. Veri Sorumlusuna Ba\u015fvuru Esaslar\u0131 ve Ba\u015fvuru Formu Ba\u015fvuru Y\u00f6ntemleri: Elden veya noter yoluyla: Melik\u015fah Mah. Z\u00fchre Sk. No:12\/1 Meram\/Konya E-posta ile: alpmerkez@hotmail.com Ba\u015fvuru \u0130\u00e7eri\u011fi: Ki\u015fisel bilgileriniz. \u0130lgili talebiniz. 4. Ayd\u0131nlatma Metinleri Kamera Kayd\u0131 Ayd\u0131nlatma Metni: Ama\u00e7: Fiziksel g\u00fcvenlik sa\u011flamak. Hukuki Sebep: Me\u015fru menfaat. Aktar\u0131m: Yaln\u0131zca yetkili mercilere. Ziyaret\u00e7i\/Sabit Hat Ayd\u0131nlatma Metni: Ama\u00e7: \u0130leti\u015fim, g\u00fcvenlik. Hukuki Sebep: Me\u015fru menfaat. M\u00fc\u015fteri\/Tedarik\u00e7i Ayd\u0131nlatma Metni: Ama\u00e7: S\u00f6zle\u015fme s\u00fcre\u00e7leri, finans i\u015flemleri. Hukuki Sebep: S\u00f6zle\u015fme gere\u011fi, me\u015fru menfaat. Personel Aday\u0131 Ayd\u0131nlatma Metni: Ama\u00e7: Ba\u015fvuru s\u00fcre\u00e7lerinin y\u00fcr\u00fct\u00fclmesi. Hukuki Sebep: A\u00e7\u0131k r\u0131za, s\u00f6zle\u015fme. 5. Gizlilik ve \u00c7erez Politikas\u0131 Ama\u00e7: Ziyaret\u00e7i deneyimini geli\u015ftirmek i\u00e7in \u00e7erezlerin kullan\u0131m\u0131na dair bilgilendirme. \u00c7erez T\u00fcrleri: Zorunlu \u00c7erezler \u0130\u015flevsel ve Analitik \u00c7erezler Performans \u00c7erezleri \u00c7erez Y\u00f6netimi: Taray\u0131c\u0131 ayarlar\u0131 veya a\u015fa\u011f\u0131daki ba\u011flant\u0131lar \u00fczerinden \u00e7erez tercihleriniz d\u00fczenlenebilir: Google Chrome Mozilla Firefox Safari De\u011fi\u015fiklikler: Politika gerekti\u011finde g\u00fcncellenir ve yay\u0131na al\u0131n\u0131r.<\/p>","protected":false},"author":1,"featured_media":0,"parent":0,"menu_order":0,"comment_status":"closed","ping_status":"closed","template":"","meta":{"footnotes":""},"class_list":["post-42291","page","type-page","status-publish","hentry"],"_links":{"self":[{"href":"https:\/\/insaatalp.com\/zh\/wp-json\/wp\/v2\/pages\/42291","targetHints":{"allow":["GET"]}}],"collection":[{"href":"https:\/\/insaatalp.com\/zh\/wp-json\/wp\/v2\/pages"}],"about":[{"href":"https:\/\/insaatalp.com\/zh\/wp-json\/wp\/v2\/types\/page"}],"author":[{"embeddable":true,"href":"https:\/\/insaatalp.com\/zh\/wp-json\/wp\/v2\/users\/1"}],"replies":[{"embeddable":true,"href":"https:\/\/insaatalp.com\/zh\/wp-json\/wp\/v2\/comments?post=42291"}],"version-history":[{"count":8,"href":"https:\/\/insaatalp.com\/zh\/wp-json\/wp\/v2\/pages\/42291\/revisions"}],"predecessor-version":[{"id":44078,"href":"https:\/\/insaatalp.com\/zh\/wp-json\/wp\/v2\/pages\/42291\/revisions\/44078"}],"wp:attachment":[{"href":"https:\/\/insaatalp.com\/zh\/wp-json\/wp\/v2\/media?parent=42291"}],"curies":[{"name":"wp","href":"https:\/\/api.w.org\/{rel}","templated":true}]}}