{"id":41186,"date":"2025-03-14T10:32:30","date_gmt":"2025-03-14T10:32:30","guid":{"rendered":"https:\/\/insaatalp.com\/?page_id=41186"},"modified":"2025-07-29T10:52:13","modified_gmt":"2025-07-29T10:52:13","slug":"bizden-haberler","status":"publish","type":"page","link":"https:\/\/insaatalp.com\/en\/bizden-haberler\/","title":{"rendered":"News from Us"},"content":{"rendered":"<div data-elementor-type=\"wp-page\" data-elementor-id=\"41186\" class=\"elementor elementor-41186\" data-elementor-post-type=\"page\">\n\t\t\t\t<div class=\"elementor-element elementor-element-bf7ad6d e-con-fit e-flex wpr-particle-no wpr-jarallax-no wpr-parallax-no wpr-sticky-section-no e-con e-parent\" data-id=\"bf7ad6d\" data-element_type=\"container\" data-e-type=\"container\">\n\t\t<div class=\"elementor-element elementor-element-4f30fe6 e-con-full e-flex wpr-particle-no wpr-jarallax-no wpr-parallax-no wpr-sticky-section-no e-con e-child\" data-id=\"4f30fe6\" data-element_type=\"container\" data-e-type=\"container\" data-settings=\"{&quot;background_background&quot;:&quot;classic&quot;}\">\n\t\t\t\t<div class=\"elementor-element elementor-element-bd824e9 elementor-widget__width-inherit elementor-widget elementor-widget-the7-ticker-widget\" data-id=\"bd824e9\" data-element_type=\"widget\" data-e-type=\"widget\" data-settings=\"{&quot;ticker_transition_speed&quot;:50}\" data-widget_type=\"the7-ticker-widget.default\">\n\t\t\t\t<div class=\"elementor-widget-container\">\n\t\t\t\t\t<div class=\"the7-ticker\"><div class=\"the7-ticker-content\"><a class=\"the7-ticker-item\" href=\"https:\/\/insaatalp.com\/en\/2024\/08\/15\/post001\/\"><svg xmlns=\"http:\/\/www.w3.org\/2000\/svg\" width=\"56\" height=\"56\" fill=\"#000000\" viewbox=\"0 0 256 256\"><path d=\"M176,128a48,48,0,1,1-48-48A48,48,0,0,1,176,128Z\" opacity=\"0.2\"><\/path><path d=\"M140,128a12,12,0,1,1-12-12A12,12,0,0,1,140,128Z\"><\/path><\/svg><span class=\"ticker-content\">You can learn detailed information about all our projects by contacting us.<\/span><\/a><a class=\"the7-ticker-item\" href=\"https:\/\/insaatalp.com\/en\/2024\/07\/30\/post006\/\"><svg xmlns=\"http:\/\/www.w3.org\/2000\/svg\" width=\"56\" height=\"56\" fill=\"#000000\" viewbox=\"0 0 256 256\"><path d=\"M176,128a48,48,0,1,1-48-48A48,48,0,0,1,176,128Z\" opacity=\"0.2\"><\/path><path d=\"M140,128a12,12,0,1,1-12-12A12,12,0,0,1,140,128Z\"><\/path><\/svg><span class=\"ticker-content\">You can review our ads for sale and rent.<\/span><\/a><a class=\"the7-ticker-item\" href=\"https:\/\/insaatalp.com\/en\/2024\/06\/27\/post009\/\"><svg xmlns=\"http:\/\/www.w3.org\/2000\/svg\" width=\"56\" height=\"56\" fill=\"#000000\" viewbox=\"0 0 256 256\"><path d=\"M176,128a48,48,0,1,1-48-48A48,48,0,0,1,176,128Z\" opacity=\"0.2\"><\/path><path d=\"M140,128a12,12,0,1,1-12-12A12,12,0,0,1,140,128Z\"><\/path><\/svg><span class=\"ticker-content\">You can find the details of our projects on the projects page.<\/span><\/a><a class=\"the7-ticker-item\" href=\"https:\/\/insaatalp.com\/en\/2021\/04\/12\/post004\/\"><svg xmlns=\"http:\/\/www.w3.org\/2000\/svg\" width=\"56\" height=\"56\" fill=\"#000000\" viewbox=\"0 0 256 256\"><path d=\"M176,128a48,48,0,1,1-48-48A48,48,0,0,1,176,128Z\" opacity=\"0.2\"><\/path><path d=\"M140,128a12,12,0,1,1-12-12A12,12,0,0,1,140,128Z\"><\/path><\/svg><span class=\"ticker-content\">Our Completed Projects<\/span><\/a><a class=\"the7-ticker-item\" href=\"https:\/\/insaatalp.com\/en\/2021\/04\/12\/post004\/\"><svg xmlns=\"http:\/\/www.w3.org\/2000\/svg\" width=\"56\" height=\"56\" fill=\"#000000\" viewbox=\"0 0 256 256\"><path d=\"M176,128a48,48,0,1,1-48-48A48,48,0,0,1,176,128Z\" opacity=\"0.2\"><\/path><path d=\"M140,128a12,12,0,1,1-12-12A12,12,0,0,1,140,128Z\"><\/path><\/svg><span class=\"ticker-content\">Projects on sale<\/span><\/a><a class=\"the7-ticker-item\" href=\"https:\/\/insaatalp.com\/en\/2024\/07\/23\/post002\/\"><svg xmlns=\"http:\/\/www.w3.org\/2000\/svg\" width=\"56\" height=\"56\" fill=\"#000000\" viewbox=\"0 0 256 256\"><path d=\"M176,128a48,48,0,1,1-48-48A48,48,0,0,1,176,128Z\" opacity=\"0.2\"><\/path><path d=\"M140,128a12,12,0,1,1-12-12A12,12,0,0,1,140,128Z\"><\/path><\/svg><span class=\"ticker-content\">News from us<\/span><\/a><\/div><div class=\"the7-ticker-content\" aria-hidden=\"true\"><a class=\"the7-ticker-item\" href=\"https:\/\/insaatalp.com\/en\/2024\/08\/15\/post001\/\"><svg xmlns=\"http:\/\/www.w3.org\/2000\/svg\" width=\"56\" height=\"56\" fill=\"#000000\" viewbox=\"0 0 256 256\"><path d=\"M176,128a48,48,0,1,1-48-48A48,48,0,0,1,176,128Z\" opacity=\"0.2\"><\/path><path d=\"M140,128a12,12,0,1,1-12-12A12,12,0,0,1,140,128Z\"><\/path><\/svg><span class=\"ticker-content\">You can learn detailed information about all our projects by contacting us.<\/span><\/a><a class=\"the7-ticker-item\" href=\"https:\/\/insaatalp.com\/en\/2024\/07\/30\/post006\/\"><svg xmlns=\"http:\/\/www.w3.org\/2000\/svg\" width=\"56\" height=\"56\" fill=\"#000000\" viewbox=\"0 0 256 256\"><path d=\"M176,128a48,48,0,1,1-48-48A48,48,0,0,1,176,128Z\" opacity=\"0.2\"><\/path><path d=\"M140,128a12,12,0,1,1-12-12A12,12,0,0,1,140,128Z\"><\/path><\/svg><span class=\"ticker-content\">You can review our ads for sale and rent.<\/span><\/a><a class=\"the7-ticker-item\" href=\"https:\/\/insaatalp.com\/en\/2024\/06\/27\/post009\/\"><svg xmlns=\"http:\/\/www.w3.org\/2000\/svg\" width=\"56\" height=\"56\" fill=\"#000000\" viewbox=\"0 0 256 256\"><path d=\"M176,128a48,48,0,1,1-48-48A48,48,0,0,1,176,128Z\" opacity=\"0.2\"><\/path><path d=\"M140,128a12,12,0,1,1-12-12A12,12,0,0,1,140,128Z\"><\/path><\/svg><span class=\"ticker-content\">You can find the details of our projects on the projects page.<\/span><\/a><a class=\"the7-ticker-item\" href=\"https:\/\/insaatalp.com\/en\/2021\/04\/12\/post004\/\"><svg xmlns=\"http:\/\/www.w3.org\/2000\/svg\" width=\"56\" height=\"56\" fill=\"#000000\" viewbox=\"0 0 256 256\"><path d=\"M176,128a48,48,0,1,1-48-48A48,48,0,0,1,176,128Z\" opacity=\"0.2\"><\/path><path d=\"M140,128a12,12,0,1,1-12-12A12,12,0,0,1,140,128Z\"><\/path><\/svg><span class=\"ticker-content\">Our Completed Projects<\/span><\/a><a class=\"the7-ticker-item\" href=\"https:\/\/insaatalp.com\/en\/2021\/04\/12\/post004\/\"><svg xmlns=\"http:\/\/www.w3.org\/2000\/svg\" width=\"56\" height=\"56\" fill=\"#000000\" viewbox=\"0 0 256 256\"><path d=\"M176,128a48,48,0,1,1-48-48A48,48,0,0,1,176,128Z\" opacity=\"0.2\"><\/path><path d=\"M140,128a12,12,0,1,1-12-12A12,12,0,0,1,140,128Z\"><\/path><\/svg><span class=\"ticker-content\">Projects on sale<\/span><\/a><a class=\"the7-ticker-item\" href=\"https:\/\/insaatalp.com\/en\/2024\/07\/23\/post002\/\"><svg xmlns=\"http:\/\/www.w3.org\/2000\/svg\" width=\"56\" height=\"56\" fill=\"#000000\" viewbox=\"0 0 256 256\"><path d=\"M176,128a48,48,0,1,1-48-48A48,48,0,0,1,176,128Z\" opacity=\"0.2\"><\/path><path d=\"M140,128a12,12,0,1,1-12-12A12,12,0,0,1,140,128Z\"><\/path><\/svg><span class=\"ticker-content\">News from us<\/span><\/a><\/div><\/div>\t\t\t\t<\/div>\n\t\t\t\t<\/div>\n\t\t\t\t<\/div>\n\t\t\t\t<\/div>\n\t\t<div class=\"elementor-element elementor-element-e9e5b60 e-con-full e-flex wpr-particle-no wpr-jarallax-no wpr-parallax-no wpr-sticky-section-no e-con e-parent\" data-id=\"e9e5b60\" data-element_type=\"container\" data-e-type=\"container\">\n\t\t<div class=\"elementor-element elementor-element-cb2cb6f e-flex e-con-boxed wpr-particle-no wpr-jarallax-no wpr-parallax-no wpr-sticky-section-no e-con e-child\" data-id=\"cb2cb6f\" data-element_type=\"container\" data-e-type=\"container\">\n\t\t\t\t\t<div class=\"e-con-inner\">\n\t\t<div class=\"elementor-element elementor-element-0986ee5 e-flex e-con-boxed wpr-particle-no wpr-jarallax-no wpr-parallax-no wpr-sticky-section-no e-con e-child\" data-id=\"0986ee5\" data-element_type=\"container\" data-e-type=\"container\">\n\t\t\t\t\t<div class=\"e-con-inner\">\n\t\t\t\t<div class=\"elementor-element elementor-element-3ea9f40 elementor-widget-tablet__width-inherit elementor-widget elementor-widget-text-editor\" data-id=\"3ea9f40\" data-element_type=\"widget\" data-e-type=\"widget\" data-widget_type=\"text-editor.default\">\n\t\t\t\t<div class=\"elementor-widget-container\">\n\t\t\t\t\t\t\t\t\t<p class=\"p1\"><b>We are here with the latest developments, our projects, and industry news!<\/b><\/p>\t\t\t\t\t\t\t\t<\/div>\n\t\t\t\t<\/div>\n\t\t\t\t\t<\/div>\n\t\t\t\t<\/div>\n\t\t<div class=\"elementor-element elementor-element-3757667 e-con-full e-flex wpr-particle-no wpr-jarallax-no wpr-parallax-no wpr-sticky-section-no e-con e-child\" data-id=\"3757667\" data-element_type=\"container\" data-e-type=\"container\">\n\t\t\t\t<div class=\"elementor-element elementor-element-15250a3 arrows-relative-to-box_area bullets-small-dot-stroke elementor-widget elementor-widget-the7_elements_carousel\" data-id=\"15250a3\" data-element_type=\"widget\" data-e-type=\"widget\" data-settings=\"{&quot;widget_columns&quot;:3,&quot;widget_columns_tablet&quot;:2,&quot;widget_columns_mobile&quot;:1,&quot;gap_between_posts&quot;:{&quot;unit&quot;:&quot;px&quot;,&quot;size&quot;:15,&quot;sizes&quot;:[]},&quot;gap_between_posts_tablet&quot;:{&quot;unit&quot;:&quot;px&quot;,&quot;size&quot;:&quot;&quot;,&quot;sizes&quot;:[]},&quot;gap_between_posts_mobile&quot;:{&quot;unit&quot;:&quot;px&quot;,&quot;size&quot;:&quot;&quot;,&quot;sizes&quot;:[]}}\" data-widget_type=\"the7_elements_carousel.default\">\n\t\t\t\t<div class=\"elementor-widget-container\">\n\t\t\t\t\t<div class=\"disable-arrows-hover-bg the7_elements_carousel-15250a3 owl-carousel portfolio-carousel-shortcode elementor-owl-carousel-call portfolio-shortcode the7-elementor-widget content-bg-on classic-layout-list description-under-image quick-scale-img enable-bg-rollover\" data-scroll-mode=\"1\" data-auto-height=\"false\" data-speed=\"600\" data-autoplay=\"false\" data-autoplay_speed=\"\"><article class=\"post visible post-40586 type-post status-publish format-standard has-post-thumbnail hentry category-haberler\">\n\n\t<div class=\"post-thumbnail-wrap\">\n\t\t<div class=\"post-thumbnail\">\n\n\t\t\t<a class=\"post-thumbnail-rollover layzr-bg img-css-resize-wrapper\" aria-label=\"Post image\" href=\"https:\/\/insaatalp.com\/en\/sehre-deger-katacak\/\"><img fetchpriority=\"high\" decoding=\"async\" width=\"1800\" height=\"1800\" src=\"data:image\/svg+xml,%3Csvg%20xmlns%3D&#039;http%3A%2F%2Fwww.w3.org%2F2000%2Fsvg&#039;%20viewBox%3D&#039;0%200%201800%201800&#039;%2F%3E\" class=\"attachment-full size-full preload-me aspect lazy lazy-load\" alt=\"\" sizes=\"(max-width: 1800px) 100vw, 1800px\" style=\"--ratio: 1800 \/ 1800;\" data-src=\"https:\/\/insaatalp.com\/wp-content\/uploads\/2025\/03\/haberler_mockup-2jpg-min.jpg\" loading=\"eager\" data-srcset=\"https:\/\/insaatalp.com\/wp-content\/uploads\/2025\/03\/haberler_mockup-2jpg-min.jpg 1800w, https:\/\/insaatalp.com\/wp-content\/uploads\/2025\/03\/haberler_mockup-2jpg-min-300x300.jpg 300w, https:\/\/insaatalp.com\/wp-content\/uploads\/2025\/03\/haberler_mockup-2jpg-min-1024x1024.jpg 1024w, https:\/\/insaatalp.com\/wp-content\/uploads\/2025\/03\/haberler_mockup-2jpg-min-150x150.jpg 150w, https:\/\/insaatalp.com\/wp-content\/uploads\/2025\/03\/haberler_mockup-2jpg-min-768x768.jpg 768w, https:\/\/insaatalp.com\/wp-content\/uploads\/2025\/03\/haberler_mockup-2jpg-min-1536x1536.jpg 1536w, https:\/\/insaatalp.com\/wp-content\/uploads\/2025\/03\/haberler_mockup-2jpg-min-1000x1000.jpg 1000w, https:\/\/insaatalp.com\/wp-content\/uploads\/2025\/03\/haberler_mockup-2jpg-min-200x200.jpg 200w\" \/><span class=\"the7-hover-icon\"><svg aria-hidden=\"true\" class=\"e-font-icon-svg e-fas-plus\" viewbox=\"0 0 448 512\" xmlns=\"http:\/\/www.w3.org\/2000\/svg\"><path d=\"M416 208H272V64c0-17.67-14.33-32-32-32h-32c-17.67 0-32 14.33-32 32v144H32c-17.67 0-32 14.33-32 32v32c0 17.67 14.33 32 32 32h144v144c0 17.67 14.33 32 32 32h32c17.67 0 32-14.33 32-32V304h144c17.67 0 32-14.33 32-32v-32c0-17.67-14.33-32-32-32z\"><\/path><\/svg><\/span><\/a>\n\t\t<\/div>\n\t<\/div>\n\n\n<div class=\"post-entry-content\">\n\n\t<h3 class=\"ele-entry-title\"><a href=\"https:\/\/insaatalp.com\/en\/sehre-deger-katacak\/\" rel=\"bookmark\" title=\"Will add value to the city\">Will add value to the city<\/a><\/h3><div class=\"entry-meta\"><span class=\"meta-item category-link\"><a href=\"https:\/\/insaatalp.com\/en\/kategori\/haberler\/\" rel=\"tag\">News from Us<\/a><\/span><a href=\"https:\/\/insaatalp.com\/en\/2025\/03\/05\/\" title=\"6:57 AM\" class=\"meta-item data-link\" rel=\"bookmark\"><time class=\"entry-date updated\" datetime=\"2025-03-05T06:57:46+00:00\">March 5, 2025<\/time><\/a><\/div><div class=\"entry-excerpt\"><p>Legacy of the Past, Vision of the Future! The Bedesten region, with the Historic Ottoman Wheat Bazaar project, carries the traces of the past...<\/p>\n<\/div><a href=\"https:\/\/insaatalp.com\/en\/sehre-deger-katacak\/\" target=\"\" aria-label=\"Read more about \u015eehre de\u011fer katacak\" class=\"box-button elementor-button elementor-size-xs\">Read More<\/a>\n<\/div><\/article><article class=\"post visible post-40580 type-post status-publish format-standard has-post-thumbnail hentry category-haberler\">\n\n\t<div class=\"post-thumbnail-wrap\">\n\t\t<div class=\"post-thumbnail\">\n\n\t\t\t<a class=\"post-thumbnail-rollover layzr-bg img-css-resize-wrapper\" aria-label=\"Post image\" href=\"https:\/\/insaatalp.com\/en\/bir-degerli-yatirim-daha\/\"><img decoding=\"async\" width=\"1800\" height=\"1800\" src=\"data:image\/svg+xml,%3Csvg%20xmlns%3D&#039;http%3A%2F%2Fwww.w3.org%2F2000%2Fsvg&#039;%20viewBox%3D&#039;0%200%201800%201800&#039;%2F%3E\" class=\"attachment-full size-full preload-me aspect lazy lazy-load\" alt=\"\" sizes=\"(max-width: 1800px) 100vw, 1800px\" style=\"--ratio: 1800 \/ 1800;\" data-src=\"https:\/\/insaatalp.com\/wp-content\/uploads\/2025\/03\/Haberler-Mockup-min.jpg\" loading=\"eager\" data-srcset=\"https:\/\/insaatalp.com\/wp-content\/uploads\/2025\/03\/Haberler-Mockup-min.jpg 1800w, https:\/\/insaatalp.com\/wp-content\/uploads\/2025\/03\/Haberler-Mockup-min-300x300.jpg 300w, https:\/\/insaatalp.com\/wp-content\/uploads\/2025\/03\/Haberler-Mockup-min-1024x1024.jpg 1024w, https:\/\/insaatalp.com\/wp-content\/uploads\/2025\/03\/Haberler-Mockup-min-150x150.jpg 150w, https:\/\/insaatalp.com\/wp-content\/uploads\/2025\/03\/Haberler-Mockup-min-768x768.jpg 768w, https:\/\/insaatalp.com\/wp-content\/uploads\/2025\/03\/Haberler-Mockup-min-1536x1536.jpg 1536w, https:\/\/insaatalp.com\/wp-content\/uploads\/2025\/03\/Haberler-Mockup-min-1000x1000.jpg 1000w, https:\/\/insaatalp.com\/wp-content\/uploads\/2025\/03\/Haberler-Mockup-min-200x200.jpg 200w\" \/><span class=\"the7-hover-icon\"><svg aria-hidden=\"true\" class=\"e-font-icon-svg e-fas-plus\" viewbox=\"0 0 448 512\" xmlns=\"http:\/\/www.w3.org\/2000\/svg\"><path d=\"M416 208H272V64c0-17.67-14.33-32-32-32h-32c-17.67 0-32 14.33-32 32v144H32c-17.67 0-32 14.33-32 32v32c0 17.67 14.33 32 32 32h144v144c0 17.67 14.33 32 32 32h32c17.67 0 32-14.33 32-32V304h144c17.67 0 32-14.33 32-32v-32c0-17.67-14.33-32-32-32z\"><\/path><\/svg><\/span><\/a>\n\t\t<\/div>\n\t<\/div>\n\n\n<div class=\"post-entry-content\">\n\n\t<h3 class=\"ele-entry-title\"><a href=\"https:\/\/insaatalp.com\/en\/bir-degerli-yatirim-daha\/\" rel=\"bookmark\" title=\"Another Valuable Investment\">Another Valuable Investment<\/a><\/h3><div class=\"entry-meta\"><span class=\"meta-item category-link\"><a href=\"https:\/\/insaatalp.com\/en\/kategori\/haberler\/\" rel=\"tag\">News from Us<\/a><\/span><a href=\"https:\/\/insaatalp.com\/en\/2025\/03\/05\/\" title=\"6:54 AM\" class=\"meta-item data-link\" rel=\"bookmark\"><time class=\"entry-date updated\" datetime=\"2025-03-05T06:54:21+00:00\">March 5, 2025<\/time><\/a><\/div><div class=\"entry-excerpt\"><p>The Historic Ottoman Wheat Market is Being Renovated. The Historic Ottoman... implemented by Konya Metropolitan Municipality<\/p>\n<\/div><a href=\"https:\/\/insaatalp.com\/en\/bir-degerli-yatirim-daha\/\" target=\"\" aria-label=\"Read more about Bir De\u011ferli Yat\u0131r\u0131m Daha\" class=\"box-button elementor-button elementor-size-xs\">Read More<\/a>\n<\/div><\/article><article class=\"post visible post-40566 type-post status-publish format-standard has-post-thumbnail hentry category-haberler\">\n\n\t<div class=\"post-thumbnail-wrap\">\n\t\t<div class=\"post-thumbnail\">\n\n\t\t\t<a class=\"post-thumbnail-rollover layzr-bg img-css-resize-wrapper\" aria-label=\"Post image\" href=\"https:\/\/insaatalp.com\/en\/sehrin-kalbi-mevlana-meydani\/\"><img decoding=\"async\" width=\"1800\" height=\"1800\" src=\"data:image\/svg+xml,%3Csvg%20xmlns%3D&#039;http%3A%2F%2Fwww.w3.org%2F2000%2Fsvg&#039;%20viewBox%3D&#039;0%200%201800%201800&#039;%2F%3E\" class=\"attachment-full size-full preload-me aspect lazy lazy-load\" alt=\"\" sizes=\"(max-width: 1800px) 100vw, 1800px\" style=\"--ratio: 1800 \/ 1800;\" data-src=\"https:\/\/insaatalp.com\/wp-content\/uploads\/2025\/03\/Dergi_mockup-min.jpg\" loading=\"eager\" data-srcset=\"https:\/\/insaatalp.com\/wp-content\/uploads\/2025\/03\/Dergi_mockup-min.jpg 1800w, https:\/\/insaatalp.com\/wp-content\/uploads\/2025\/03\/Dergi_mockup-min-300x300.jpg 300w, https:\/\/insaatalp.com\/wp-content\/uploads\/2025\/03\/Dergi_mockup-min-1024x1024.jpg 1024w, https:\/\/insaatalp.com\/wp-content\/uploads\/2025\/03\/Dergi_mockup-min-150x150.jpg 150w, https:\/\/insaatalp.com\/wp-content\/uploads\/2025\/03\/Dergi_mockup-min-768x768.jpg 768w, https:\/\/insaatalp.com\/wp-content\/uploads\/2025\/03\/Dergi_mockup-min-1536x1536.jpg 1536w, https:\/\/insaatalp.com\/wp-content\/uploads\/2025\/03\/Dergi_mockup-min-1000x1000.jpg 1000w, https:\/\/insaatalp.com\/wp-content\/uploads\/2025\/03\/Dergi_mockup-min-200x200.jpg 200w\" \/><span class=\"the7-hover-icon\"><svg aria-hidden=\"true\" class=\"e-font-icon-svg e-fas-plus\" viewbox=\"0 0 448 512\" xmlns=\"http:\/\/www.w3.org\/2000\/svg\"><path d=\"M416 208H272V64c0-17.67-14.33-32-32-32h-32c-17.67 0-32 14.33-32 32v144H32c-17.67 0-32 14.33-32 32v32c0 17.67 14.33 32 32 32h144v144c0 17.67 14.33 32 32 32h32c17.67 0 32-14.33 32-32V304h144c17.67 0 32-14.33 32-32v-32c0-17.67-14.33-32-32-32z\"><\/path><\/svg><\/span><\/a>\n\t\t<\/div>\n\t<\/div>\n\n\n<div class=\"post-entry-content\">\n\n\t<h3 class=\"ele-entry-title\"><a href=\"https:\/\/insaatalp.com\/en\/sehrin-kalbi-mevlana-meydani\/\" rel=\"bookmark\" title=\"Mevlana Square, the heart of the city\">Mevlana Square, the heart of the city<\/a><\/h3><div class=\"entry-meta\"><span class=\"meta-item category-link\"><a href=\"https:\/\/insaatalp.com\/en\/kategori\/haberler\/\" rel=\"tag\">News from Us<\/a><\/span><a href=\"https:\/\/insaatalp.com\/en\/2025\/03\/05\/\" title=\"6:44 AM\" class=\"meta-item data-link\" rel=\"bookmark\"><time class=\"entry-date updated\" datetime=\"2025-03-05T06:44:42+00:00\">March 5, 2025<\/time><\/a><\/div><div class=\"entry-excerpt\"><p>The heart of the city, Mevlana Square, is located in front of the Mevlana Museum and with the Kubbe-i Hadra...<\/p>\n<\/div><a href=\"https:\/\/insaatalp.com\/en\/sehrin-kalbi-mevlana-meydani\/\" target=\"\" aria-label=\"Read more about \u015eehrin kalbi Mevlana Meydan\u0131\" class=\"box-button elementor-button elementor-size-xs\">Read More<\/a>\n<\/div><\/article><\/div><div class=\"owl-nav disabled\"><div class=\"owl-prev\" role=\"button\" tabindex=\"0\" aria-label=\"Prev slide\"><svg class=\"e-font-icon-svg e-fas-chevron-left\" viewbox=\"0 0 320 512\" xmlns=\"http:\/\/www.w3.org\/2000\/svg\"><path d=\"M34.52 239.03L228.87 44.69c9.37-9.37 24.57-9.37 33.94 0l22.67 22.67c9.36 9.36 9.37 24.52.04 33.9L131.49 256l154.02 154.75c9.34 9.38 9.32 24.54-.04 33.9l-22.67 22.67c-9.37 9.37-24.57 9.37-33.94 0L34.52 272.97c-9.37-9.37-9.37-24.57 0-33.94z\"><\/path><\/svg><\/div><div class=\"owl-next\" role=\"button\" tabindex=\"0\" aria-label=\"Next slide\"><svg class=\"e-font-icon-svg e-fas-chevron-right\" viewbox=\"0 0 320 512\" xmlns=\"http:\/\/www.w3.org\/2000\/svg\"><path d=\"M285.476 272.971L91.132 467.314c-9.373 9.373-24.569 9.373-33.941 0l-22.667-22.667c-9.357-9.357-9.375-24.522-.04-33.901L188.505 256 34.484 101.255c-9.335-9.379-9.317-24.544.04-33.901l22.667-22.667c9.373-9.373 24.569-9.373 33.941 0L285.475 239.03c9.373 9.372 9.373 24.568.001 33.941z\"><\/path><\/svg><\/div><\/div>\t\t\t\t<\/div>\n\t\t\t\t<\/div>\n\t\t\t\t<\/div>\n\t\t\t\t\t<\/div>\n\t\t\t\t<\/div>\n\t\t\t\t<\/div>\n\t\t\t\t<\/div>","protected":false},"excerpt":{"rendered":"<p>T\u00fcm projelerimiz ile ilgili detayl\u0131 bilgiyi bizlere ula\u015farak \u00f6\u011frenebilirsiniz.Sat\u0131l\u0131k ve kiral\u0131k ilanlar\u0131m\u0131z\u0131 inceleyebilirisiniz.Kamu projelerimizin detaylar\u0131na projeler sayfas\u0131ndan ula\u015fabilirsiniz.Tamamlanan projelerimizSat\u0131\u015ftaki projelerimizBizden haberlerT\u00fcm projelerimiz ile ilgili detayl\u0131 bilgiyi bizlere ula\u015farak \u00f6\u011frenebilirsiniz.Sat\u0131l\u0131k ve kiral\u0131k ilanlar\u0131m\u0131z\u0131 inceleyebilirisiniz.Kamu projelerimizin detaylar\u0131na projeler sayfas\u0131ndan ula\u015fabilirsiniz.Tamamlanan projelerimizSat\u0131\u015ftaki projelerimizBizden haberler En g\u00fcncel geli\u015fmeler, projelerimiz ve sekt\u00f6rden haberlerle sizlerleyiz! \u015eehre de\u011fer katacak Bizden HaberlerMart 5, 2025 Ge\u00e7mi\u015fin Miras\u0131, Gelece\u011fin Vizyonu! Bedesten b\u00f6lgesi, Tarihi Osmanl\u0131 Bu\u011fday Pazar\u0131 projesiyle ge\u00e7mi\u015fin izlerini&hellip; Devam\u0131n\u0131 Oku Bir De\u011ferli Yat\u0131r\u0131m Daha Bizden HaberlerMart 5, 2025 Tarihi Osmanl\u0131 Bu\u011fday Pazar\u0131 Yenileniyor Konya B\u00fcy\u00fck\u015fehir Belediyesi taraf\u0131ndan hayata ge\u00e7irilen Tarihi Osmanl\u0131&hellip; Devam\u0131n\u0131 Oku \u015eehrin kalbi Mevlana Meydan\u0131 Bizden HaberlerMart 5, 2025 \u015eehrin kalbi Mevlana Meydan\u0131 Mevlana M\u00fczesi\u2019nin \u00f6n\u00fcnde yer alan ve Kubbe-i Hadra ile&hellip; Devam\u0131n\u0131 Oku<\/p>","protected":false},"author":1,"featured_media":0,"parent":0,"menu_order":0,"comment_status":"closed","ping_status":"closed","template":"","meta":{"footnotes":""},"class_list":["post-41186","page","type-page","status-publish","hentry"],"_links":{"self":[{"href":"https:\/\/insaatalp.com\/en\/wp-json\/wp\/v2\/pages\/41186","targetHints":{"allow":["GET"]}}],"collection":[{"href":"https:\/\/insaatalp.com\/en\/wp-json\/wp\/v2\/pages"}],"about":[{"href":"https:\/\/insaatalp.com\/en\/wp-json\/wp\/v2\/types\/page"}],"author":[{"embeddable":true,"href":"https:\/\/insaatalp.com\/en\/wp-json\/wp\/v2\/users\/1"}],"replies":[{"embeddable":true,"href":"https:\/\/insaatalp.com\/en\/wp-json\/wp\/v2\/comments?post=41186"}],"version-history":[{"count":8,"href":"https:\/\/insaatalp.com\/en\/wp-json\/wp\/v2\/pages\/41186\/revisions"}],"predecessor-version":[{"id":44066,"href":"https:\/\/insaatalp.com\/en\/wp-json\/wp\/v2\/pages\/41186\/revisions\/44066"}],"wp:attachment":[{"href":"https:\/\/insaatalp.com\/en\/wp-json\/wp\/v2\/media?parent=41186"}],"curies":[{"name":"wp","href":"https:\/\/api.w.org\/{rel}","templated":true}]}}